{"id":37,"date":"2024-09-21T23:41:42","date_gmt":"2024-09-21T23:41:42","guid":{"rendered":"https:\/\/frederictonmusicfestival.ca\/?page_id=37"},"modified":"2025-05-26T02:52:02","modified_gmt":"2025-05-26T02:52:02","slug":"friends-of-the-festival-2024","status":"publish","type":"page","link":"https:\/\/frederictonmusicfestival.ca\/?page_id=37","title":{"rendered":"Friends of the Festival"},"content":{"rendered":"\n<p>The Fredericton Music Festival thanks the following for their support in 2025.<\/p>\n\n\n\n<div class=\"wp-block-group is-layout-grid wp-container-core-group-is-layout-249c2011 wp-block-group-is-layout-grid\">\n<p class=\"wp-container-content-b4c5012d\">Canadian Federation of University Women (CFUW) Fredericton<br>Choeur de Soulanges<br>Deloitte Canada<br>Elm City Echoes<br>Epsilon Y Service Club<br>Fredericton Choral Society<br><nobr>Fredericton Community Foundation Inc.<br>Fredericton Concert and Marching Band<br>Fredericton Golden Club<br>Fredericton Ladies Choir<br>Fredericton Music Teachers&#8217; Association<br><\/nobr><nobr>Kiwanis Club of Fredericton Inc.<br>Saint Mary Magdalene Parish<br>Sisters of Charity of Immaculate Conception<br>Tony&#8217;s Music Box, Ltd.<br>Yamaha Canada <br><br>Carol Jordan Memorial Trust<br>Cecilian Singers Trust<br>Charles Corbett Brannen Trust<br>Connie Peppin Memorial Trust<br>Elmer Bourque Memorial Trust<br>Four by Four Prize<br>Fredericton Schoolgirl Choir Trust<br>Gilbert &amp; Sullivan Trust<br>Helena Evans Memorial Trust<br>Hilda E. Shorten Memorial Trust<br>James Manchip Memorial Trust<br>Dr. Janis Kalnins Memorial Trust<br>Joyce A. Belyea Memorial Trust<br>Family of Mary Rioux<br>Vivienne Anderson Memorial Trust<br>Walter McGinn Memorial Trust<\/nobr><\/p>\n\n\n\n<p class=\"wp-container-content-073d6851\" style=\"margin-left:0px\">Julia Barnes<br>Annalee &amp; Doug Bartlett<br>David &amp; Kathie Berry<br>Grlica &amp; Zeljko Bolesnikov<br>Laurel Boone<br>Louise Burgoyne<br>Stephanie Burgoyne<br>Wayne Burley &amp; Suzanne Bonnell-Burley<br>Deborah Burns<br>Dr. Robert Christie<br>Donna Dancy<br>Claire Dub\u00e9 &amp; Claude C\u00f4t\u00e9<br>Deidre Green<br>Bonnie &amp; Tony Henderson<br>Anne Hodgson<br>Peter &amp; Cheryl Jacobs<br>Glenwood Jordan<br>Betty Lee<br>Anita Legere<br>Gordon Mason<br>Julie &amp; Tom Maston<br>Marjorie McFarland<br>Mary McMullin<br>Jayne &amp; Richard Nicki<br>David &amp; Carolyn Nielsen<br>Wendy Nielsen<br>Dr. Lachelle Noftall Prof. Corp.<br>Drs Joan Pascual &amp; Leo Cruz<br>David &amp; Heather Perritt<br>Kate Perry &amp; Kyle Rostad &amp; family<br>Nancy Roach<br>Rodney and Margaret Savidge<br>Debbie Seymour<br>Ralph Simpson<br>Barbara Sloan<br>Tim &amp; Margie Snell and family<br>Jeanne Kaye Speight<br>Linda &amp; Greg Sprague<br>Donald Stevenson<br>Wen Tan<br>Janis &amp; Brian Thompson<br>Richard &amp; Brenda Tingley<br>Joel Tranquilla<br>Deborah &amp; Stephen VanSlyke<br>Lisa Wright<br>Anonymous Friends of the Festival<\/p>\n<\/div>\n","protected":false},"excerpt":{"rendered":"<p>The Fredericton Music Festival thanks the following for their support in 2025. Canadian Federation of University Women (CFUW) FrederictonChoeur de SoulangesDeloitte CanadaElm City EchoesEpsilon Y Service ClubFredericton Choral SocietyFredericton Community Foundation Inc.Fredericton Concert and Marching BandFredericton Golden ClubFredericton Ladies ChoirFredericton Music Teachers&#8217; AssociationKiwanis Club of Fredericton Inc.Saint Mary Magdalene ParishSisters of Charity of Immaculate ConceptionTony&#8217;s [&hellip;]<\/p>\n","protected":false},"author":1,"featured_media":0,"parent":0,"menu_order":0,"comment_status":"closed","ping_status":"closed","template":"","meta":{"footnotes":""},"class_list":["post-37","page","type-page","status-publish","hentry"],"_links":{"self":[{"href":"https:\/\/frederictonmusicfestival.ca\/index.php?rest_route=\/wp\/v2\/pages\/37","targetHints":{"allow":["GET"]}}],"collection":[{"href":"https:\/\/frederictonmusicfestival.ca\/index.php?rest_route=\/wp\/v2\/pages"}],"about":[{"href":"https:\/\/frederictonmusicfestival.ca\/index.php?rest_route=\/wp\/v2\/types\/page"}],"author":[{"embeddable":true,"href":"https:\/\/frederictonmusicfestival.ca\/index.php?rest_route=\/wp\/v2\/users\/1"}],"replies":[{"embeddable":true,"href":"https:\/\/frederictonmusicfestival.ca\/index.php?rest_route=%2Fwp%2Fv2%2Fcomments&post=37"}],"version-history":[{"count":5,"href":"https:\/\/frederictonmusicfestival.ca\/index.php?rest_route=\/wp\/v2\/pages\/37\/revisions"}],"predecessor-version":[{"id":290,"href":"https:\/\/frederictonmusicfestival.ca\/index.php?rest_route=\/wp\/v2\/pages\/37\/revisions\/290"}],"wp:attachment":[{"href":"https:\/\/frederictonmusicfestival.ca\/index.php?rest_route=%2Fwp%2Fv2%2Fmedia&parent=37"}],"curies":[{"name":"wp","href":"https:\/\/api.w.org\/{rel}","templated":true}]}}